{"id":23529,"date":"2025-09-30T14:38:26","date_gmt":"2025-09-30T14:38:26","guid":{"rendered":"https:\/\/www.kaese-falkenhain.de\/?post_type=product&#038;p=23529"},"modified":"2026-02-10T14:47:25","modified_gmt":"2026-02-10T14:47:25","slug":"edelschimmler-natur","status":"publish","type":"product","link":"https:\/\/www.deligan.de\/en\/produkt\/edelschimmler-natur\/","title":{"rendered":"Edelschimmler, Natur"},"content":{"rendered":"<p>125 g<\/p>\n<p>vegan,\u00a0fermentiert,\u00a0laktose- und glutenfrei<\/p>\n<p class=\"p2\">\n","protected":false},"excerpt":{"rendered":"<p class=\"p1\"><span class=\"s1\">Entdecken Sie den Geschmack von Tradition und Nat\u00fcrlichkeit mit unserem veganen Camembert. Hergestellt aus sorgf\u00e4ltig ausgew\u00e4hlten nat\u00fcrlichen Zutaten und nach traditionellen Rezepturen gereift, bietet unser veganer Camembert das volle Aroma und die cremige Konsistenz seines klassischen Gegenst\u00fccks aus Kuhmilch.<\/span><\/p>\n<p class=\"p2\"><span class=\"s1\">Unser veganer Camembert ist vielseitig einsetzbar und eignet sich perfekt als Vorspeise oder Highlight auf Ihrem veganen K\u00e4se-Buffet. Genie\u00dfen Sie ihn mit fruchtigen Senfso\u00dfen f\u00fcr ein unvergleichliches Geschmackserlebnis.<\/span><\/p>\n<p class=\"p2\"><span class=\"s1\">Und das Beste: Unser veganer Camembert ist laktose- und glutenfrei, so dass er auch f\u00fcr Menschen mit speziellen Ern\u00e4hrungsbed\u00fcrfnissen geeignet ist.<\/span><\/p>\n<p class=\"p2\"><span class=\"s1\">Vertrauen Sie auf unsere Erfahrung und Qualit\u00e4t als erster deutscher Camembert-Herstellers und erleben Sie die vollmundige Geschmacksvielfalt unserer veganen Alternative.<\/span><\/p>\n","protected":false},"featured_media":24011,"template":"","meta":{"_acf_changed":false},"product_brand":[],"product_cat":[2329,2331],"product_tag":[1917,2336,2337,1914,2338,1913],"class_list":{"0":"post-23529","1":"product","2":"type-product","3":"status-publish","4":"has-post-thumbnail","6":"product_cat-deligan-leh","7":"product_cat-edelschimmler","8":"product_tag-fermentiert","9":"product_tag-glutenfrei","10":"product_tag-kaesealternative","11":"product_tag-laktosefrei","12":"product_tag-plantbased","13":"product_tag-vegan","15":"first","16":"instock","17":"shipping-taxable","18":"product-type-simple"},"acf":[],"yoast_head":"<!-- This site is optimized with the Yoast SEO plugin v26.0 - https:\/\/yoast.com\/wordpress\/plugins\/seo\/ -->\n<title>Edelschimmler, Natur - Deligan<\/title>\n<meta name=\"robots\" content=\"index, follow, max-snippet:-1, max-image-preview:large, max-video-preview:-1\" \/>\n<link rel=\"canonical\" href=\"https:\/\/www.deligan.de\/produkt\/edelschimmler-natur\/\" \/>\n<meta property=\"og:locale\" content=\"en_US\" \/>\n<meta property=\"og:type\" content=\"article\" \/>\n<meta property=\"og:title\" content=\"Edelschimmler, Natur - Deligan\" \/>\n<meta property=\"og:description\" content=\"Entdecken Sie den Geschmack von Tradition und Nat\u00fcrlichkeit mit unserem veganen Camembert. Hergestellt aus sorgf\u00e4ltig ausgew\u00e4hlten nat\u00fcrlichen Zutaten und nach traditionellen Rezepturen gereift, bietet unser veganer Camembert das volle Aroma und die cremige Konsistenz seines klassischen Gegenst\u00fccks aus Kuhmilch. Unser veganer Camembert ist vielseitig einsetzbar und eignet sich perfekt als Vorspeise oder Highlight auf Ihrem veganen K\u00e4se-Buffet. Genie\u00dfen Sie ihn mit fruchtigen Senfso\u00dfen f\u00fcr ein unvergleichliches Geschmackserlebnis. Und das Beste: Unser veganer Camembert ist laktose- und glutenfrei, so dass er auch f\u00fcr Menschen mit speziellen Ern\u00e4hrungsbed\u00fcrfnissen geeignet ist. Vertrauen Sie auf unsere Erfahrung und Qualit\u00e4t als erster deutscher Camembert-Herstellers und erleben Sie die vollmundige Geschmacksvielfalt unserer veganen Alternative.\" \/>\n<meta property=\"og:url\" content=\"https:\/\/www.deligan.de\/produkt\/edelschimmler-natur\/\" \/>\n<meta property=\"og:site_name\" content=\"Deligan\" \/>\n<meta property=\"article:modified_time\" content=\"2026-02-10T14:47:25+00:00\" \/>\n<meta property=\"og:image\" content=\"https:\/\/www.deligan.de\/wp-content\/uploads\/2026\/02\/Deligan-Edelschimmler-Natur-26.jpg\" \/>\n\t<meta property=\"og:image:width\" content=\"450\" \/>\n\t<meta property=\"og:image:height\" content=\"485\" \/>\n\t<meta property=\"og:image:type\" content=\"image\/jpeg\" \/>\n<meta name=\"twitter:card\" content=\"summary_large_image\" \/>\n<meta name=\"twitter:label1\" content=\"Est. reading time\" \/>\n\t<meta name=\"twitter:data1\" content=\"1 minute\" \/>\n<script type=\"application\/ld+json\" class=\"yoast-schema-graph\">{\"@context\":\"https:\/\/schema.org\",\"@graph\":[{\"@type\":\"WebPage\",\"@id\":\"https:\/\/www.deligan.de\/produkt\/edelschimmler-natur\/\",\"url\":\"https:\/\/www.deligan.de\/produkt\/edelschimmler-natur\/\",\"name\":\"Edelschimmler, Natur - Deligan\",\"isPartOf\":{\"@id\":\"https:\/\/www.deligan.de\/#website\"},\"primaryImageOfPage\":{\"@id\":\"https:\/\/www.deligan.de\/produkt\/edelschimmler-natur\/#primaryimage\"},\"image\":{\"@id\":\"https:\/\/www.deligan.de\/produkt\/edelschimmler-natur\/#primaryimage\"},\"thumbnailUrl\":\"https:\/\/www.deligan.de\/wp-content\/uploads\/2026\/02\/Deligan-Edelschimmler-Natur-26.jpg\",\"datePublished\":\"2025-09-30T14:38:26+00:00\",\"dateModified\":\"2026-02-10T14:47:25+00:00\",\"breadcrumb\":{\"@id\":\"https:\/\/www.deligan.de\/produkt\/edelschimmler-natur\/#breadcrumb\"},\"inLanguage\":\"en-US\",\"potentialAction\":[{\"@type\":\"ReadAction\",\"target\":[\"https:\/\/www.deligan.de\/produkt\/edelschimmler-natur\/\"]}]},{\"@type\":\"ImageObject\",\"inLanguage\":\"en-US\",\"@id\":\"https:\/\/www.deligan.de\/produkt\/edelschimmler-natur\/#primaryimage\",\"url\":\"https:\/\/www.deligan.de\/wp-content\/uploads\/2026\/02\/Deligan-Edelschimmler-Natur-26.jpg\",\"contentUrl\":\"https:\/\/www.deligan.de\/wp-content\/uploads\/2026\/02\/Deligan-Edelschimmler-Natur-26.jpg\",\"width\":450,\"height\":485},{\"@type\":\"BreadcrumbList\",\"@id\":\"https:\/\/www.deligan.de\/produkt\/edelschimmler-natur\/#breadcrumb\",\"itemListElement\":[{\"@type\":\"ListItem\",\"position\":1,\"name\":\"Startseite\",\"item\":\"https:\/\/www.deligan.de\/en\/\"},{\"@type\":\"ListItem\",\"position\":2,\"name\":\"Produkte\",\"item\":\"https:\/\/www.deligan.de\/shop\/\"},{\"@type\":\"ListItem\",\"position\":3,\"name\":\"Edelschimmler, Natur\"}]},{\"@type\":\"WebSite\",\"@id\":\"https:\/\/www.deligan.de\/#website\",\"url\":\"https:\/\/www.deligan.de\/\",\"name\":\"Deligan\",\"description\":\"Plant based K\u00e4se-Alternativen\",\"potentialAction\":[{\"@type\":\"SearchAction\",\"target\":{\"@type\":\"EntryPoint\",\"urlTemplate\":\"https:\/\/www.deligan.de\/?s={search_term_string}\"},\"query-input\":{\"@type\":\"PropertyValueSpecification\",\"valueRequired\":true,\"valueName\":\"search_term_string\"}}],\"inLanguage\":\"en-US\"}]}<\/script>\n<!-- \/ Yoast SEO plugin. -->","yoast_head_json":{"title":"Edelschimmler, Natur - Deligan","robots":{"index":"index","follow":"follow","max-snippet":"max-snippet:-1","max-image-preview":"max-image-preview:large","max-video-preview":"max-video-preview:-1"},"canonical":"https:\/\/www.deligan.de\/produkt\/edelschimmler-natur\/","og_locale":"en_US","og_type":"article","og_title":"Edelschimmler, Natur - Deligan","og_description":"Entdecken Sie den Geschmack von Tradition und Nat\u00fcrlichkeit mit unserem veganen Camembert. Hergestellt aus sorgf\u00e4ltig ausgew\u00e4hlten nat\u00fcrlichen Zutaten und nach traditionellen Rezepturen gereift, bietet unser veganer Camembert das volle Aroma und die cremige Konsistenz seines klassischen Gegenst\u00fccks aus Kuhmilch. Unser veganer Camembert ist vielseitig einsetzbar und eignet sich perfekt als Vorspeise oder Highlight auf Ihrem veganen K\u00e4se-Buffet. Genie\u00dfen Sie ihn mit fruchtigen Senfso\u00dfen f\u00fcr ein unvergleichliches Geschmackserlebnis. Und das Beste: Unser veganer Camembert ist laktose- und glutenfrei, so dass er auch f\u00fcr Menschen mit speziellen Ern\u00e4hrungsbed\u00fcrfnissen geeignet ist. Vertrauen Sie auf unsere Erfahrung und Qualit\u00e4t als erster deutscher Camembert-Herstellers und erleben Sie die vollmundige Geschmacksvielfalt unserer veganen Alternative.","og_url":"https:\/\/www.deligan.de\/produkt\/edelschimmler-natur\/","og_site_name":"Deligan","article_modified_time":"2026-02-10T14:47:25+00:00","og_image":[{"width":450,"height":485,"url":"https:\/\/www.deligan.de\/wp-content\/uploads\/2026\/02\/Deligan-Edelschimmler-Natur-26.jpg","type":"image\/jpeg"}],"twitter_card":"summary_large_image","twitter_misc":{"Est. reading time":"1 minute"},"schema":{"@context":"https:\/\/schema.org","@graph":[{"@type":"WebPage","@id":"https:\/\/www.deligan.de\/produkt\/edelschimmler-natur\/","url":"https:\/\/www.deligan.de\/produkt\/edelschimmler-natur\/","name":"Edelschimmler, Natur - Deligan","isPartOf":{"@id":"https:\/\/www.deligan.de\/#website"},"primaryImageOfPage":{"@id":"https:\/\/www.deligan.de\/produkt\/edelschimmler-natur\/#primaryimage"},"image":{"@id":"https:\/\/www.deligan.de\/produkt\/edelschimmler-natur\/#primaryimage"},"thumbnailUrl":"https:\/\/www.deligan.de\/wp-content\/uploads\/2026\/02\/Deligan-Edelschimmler-Natur-26.jpg","datePublished":"2025-09-30T14:38:26+00:00","dateModified":"2026-02-10T14:47:25+00:00","breadcrumb":{"@id":"https:\/\/www.deligan.de\/produkt\/edelschimmler-natur\/#breadcrumb"},"inLanguage":"en-US","potentialAction":[{"@type":"ReadAction","target":["https:\/\/www.deligan.de\/produkt\/edelschimmler-natur\/"]}]},{"@type":"ImageObject","inLanguage":"en-US","@id":"https:\/\/www.deligan.de\/produkt\/edelschimmler-natur\/#primaryimage","url":"https:\/\/www.deligan.de\/wp-content\/uploads\/2026\/02\/Deligan-Edelschimmler-Natur-26.jpg","contentUrl":"https:\/\/www.deligan.de\/wp-content\/uploads\/2026\/02\/Deligan-Edelschimmler-Natur-26.jpg","width":450,"height":485},{"@type":"BreadcrumbList","@id":"https:\/\/www.deligan.de\/produkt\/edelschimmler-natur\/#breadcrumb","itemListElement":[{"@type":"ListItem","position":1,"name":"Startseite","item":"https:\/\/www.deligan.de\/en\/"},{"@type":"ListItem","position":2,"name":"Produkte","item":"https:\/\/www.deligan.de\/shop\/"},{"@type":"ListItem","position":3,"name":"Edelschimmler, Natur"}]},{"@type":"WebSite","@id":"https:\/\/www.deligan.de\/#website","url":"https:\/\/www.deligan.de\/","name":"Deligan","description":"Plant based K\u00e4se-Alternativen","potentialAction":[{"@type":"SearchAction","target":{"@type":"EntryPoint","urlTemplate":"https:\/\/www.deligan.de\/?s={search_term_string}"},"query-input":{"@type":"PropertyValueSpecification","valueRequired":true,"valueName":"search_term_string"}}],"inLanguage":"en-US"}]}},"_links":{"self":[{"href":"https:\/\/www.deligan.de\/en\/wp-json\/wp\/v2\/product\/23529","targetHints":{"allow":["GET"]}}],"collection":[{"href":"https:\/\/www.deligan.de\/en\/wp-json\/wp\/v2\/product"}],"about":[{"href":"https:\/\/www.deligan.de\/en\/wp-json\/wp\/v2\/types\/product"}],"wp:featuredmedia":[{"embeddable":true,"href":"https:\/\/www.deligan.de\/en\/wp-json\/wp\/v2\/media\/24011"}],"wp:attachment":[{"href":"https:\/\/www.deligan.de\/en\/wp-json\/wp\/v2\/media?parent=23529"}],"wp:term":[{"taxonomy":"product_brand","embeddable":true,"href":"https:\/\/www.deligan.de\/en\/wp-json\/wp\/v2\/product_brand?post=23529"},{"taxonomy":"product_cat","embeddable":true,"href":"https:\/\/www.deligan.de\/en\/wp-json\/wp\/v2\/product_cat?post=23529"},{"taxonomy":"product_tag","embeddable":true,"href":"https:\/\/www.deligan.de\/en\/wp-json\/wp\/v2\/product_tag?post=23529"}],"curies":[{"name":"wp","href":"https:\/\/api.w.org\/{rel}","templated":true}]}}