{"id":23675,"date":"2025-09-30T19:32:24","date_gmt":"2025-09-30T19:32:24","guid":{"rendered":"https:\/\/www.kaese-falkenhain.de\/?post_type=product&#038;p=23675"},"modified":"2026-02-10T14:16:34","modified_gmt":"2026-02-10T14:16:34","slug":"heiss-mit-feige-senf-topping","status":"publish","type":"product","link":"https:\/\/www.deligan.de\/en\/produkt\/heiss-mit-feige-senf-topping\/","title":{"rendered":"Heiss, mit Feige-Senf Topping"},"content":{"rendered":"<p>150 g + 15 g Topping<\/p>\n<p class=\"p1\"><span class=\"s1\">vegan, fermentiert, laktose- und glutenfrei<\/span><\/p>\n<p>Topping: Feige-Senf<\/p>\n","protected":false},"excerpt":{"rendered":"<p class=\"p1\"><span class=\"s1\">Genie\u00dfen Sie unseren veganen Ofenk\u00e4se, cremig schmelzend und vollmundig im Geschmack. Hergestellt aus ausgew\u00e4hlten pflanzlichen Zutaten, schmilzt er gleichm\u00e4\u00dfig und bildet eine goldene, aromatische Kruste. Ideal f\u00fcr warme Snacks, Brot, Ofenk\u00e4seplatten oder als Dip. Direkt aus dem Ofen serviert mit einem leckeren Topping aus Feige\/Senf oder Hot Caramel. Frei von tierischen Produkten. Duftende Noten von Mandel und mild-w\u00fcrzigen Akzenten sorgen f\u00fcr einen echten K\u00e4segenuss. Unser veganer Ofenk\u00e4se sorgt als warmes Highlight f\u00fcr Begeisterung.<\/span><\/p>\n","protected":false},"featured_media":23999,"template":"","meta":{"_acf_changed":false},"product_brand":[],"product_cat":[2329,2335],"product_tag":[2342,1917,2336,2337,1914,2340,2338,1913],"class_list":{"0":"post-23675","1":"product","2":"type-product","3":"status-publish","4":"has-post-thumbnail","6":"product_cat-deligan-leh","7":"product_cat-heiss","8":"product_tag-deligan","9":"product_tag-fermentiert","10":"product_tag-glutenfrei","11":"product_tag-kaesealternative","12":"product_tag-laktosefrei","13":"product_tag-pflanzlich","14":"product_tag-plantbased","15":"product_tag-vegan","17":"first","18":"instock","19":"shipping-taxable","20":"product-type-simple"},"acf":[],"yoast_head":"<!-- This site is optimized with the Yoast SEO plugin v26.0 - https:\/\/yoast.com\/wordpress\/plugins\/seo\/ -->\n<title>Heiss, mit Feige-Senf Topping - Deligan<\/title>\n<meta name=\"robots\" content=\"index, follow, max-snippet:-1, max-image-preview:large, max-video-preview:-1\" \/>\n<link rel=\"canonical\" href=\"https:\/\/www.deligan.de\/produkt\/heiss-mit-feige-senf-topping\/\" \/>\n<meta property=\"og:locale\" content=\"en_US\" \/>\n<meta property=\"og:type\" content=\"article\" \/>\n<meta property=\"og:title\" content=\"Heiss, mit Feige-Senf Topping - Deligan\" \/>\n<meta property=\"og:description\" content=\"Genie\u00dfen Sie unseren veganen Ofenk\u00e4se, cremig schmelzend und vollmundig im Geschmack. Hergestellt aus ausgew\u00e4hlten pflanzlichen Zutaten, schmilzt er gleichm\u00e4\u00dfig und bildet eine goldene, aromatische Kruste. Ideal f\u00fcr warme Snacks, Brot, Ofenk\u00e4seplatten oder als Dip. Direkt aus dem Ofen serviert mit einem leckeren Topping aus Feige\/Senf oder Hot Caramel. Frei von tierischen Produkten. Duftende Noten von Mandel und mild-w\u00fcrzigen Akzenten sorgen f\u00fcr einen echten K\u00e4segenuss. Unser veganer Ofenk\u00e4se sorgt als warmes Highlight f\u00fcr Begeisterung.\" \/>\n<meta property=\"og:url\" content=\"https:\/\/www.deligan.de\/produkt\/heiss-mit-feige-senf-topping\/\" \/>\n<meta property=\"og:site_name\" content=\"Deligan\" \/>\n<meta property=\"article:modified_time\" content=\"2026-02-10T14:16:34+00:00\" \/>\n<meta property=\"og:image\" content=\"https:\/\/www.deligan.de\/wp-content\/uploads\/2026\/02\/Deligan_Heiss-Topping-Feige-Senf-26.jpg\" \/>\n\t<meta property=\"og:image:width\" content=\"450\" \/>\n\t<meta property=\"og:image:height\" content=\"485\" \/>\n\t<meta property=\"og:image:type\" content=\"image\/jpeg\" \/>\n<meta name=\"twitter:card\" content=\"summary_large_image\" \/>\n<meta name=\"twitter:label1\" content=\"Est. reading time\" \/>\n\t<meta name=\"twitter:data1\" content=\"1 minute\" \/>\n<script type=\"application\/ld+json\" class=\"yoast-schema-graph\">{\"@context\":\"https:\/\/schema.org\",\"@graph\":[{\"@type\":\"WebPage\",\"@id\":\"https:\/\/www.deligan.de\/produkt\/heiss-mit-feige-senf-topping\/\",\"url\":\"https:\/\/www.deligan.de\/produkt\/heiss-mit-feige-senf-topping\/\",\"name\":\"Heiss, mit Feige-Senf Topping - Deligan\",\"isPartOf\":{\"@id\":\"https:\/\/www.deligan.de\/#website\"},\"primaryImageOfPage\":{\"@id\":\"https:\/\/www.deligan.de\/produkt\/heiss-mit-feige-senf-topping\/#primaryimage\"},\"image\":{\"@id\":\"https:\/\/www.deligan.de\/produkt\/heiss-mit-feige-senf-topping\/#primaryimage\"},\"thumbnailUrl\":\"https:\/\/www.deligan.de\/wp-content\/uploads\/2026\/02\/Deligan_Heiss-Topping-Feige-Senf-26.jpg\",\"datePublished\":\"2025-09-30T19:32:24+00:00\",\"dateModified\":\"2026-02-10T14:16:34+00:00\",\"breadcrumb\":{\"@id\":\"https:\/\/www.deligan.de\/produkt\/heiss-mit-feige-senf-topping\/#breadcrumb\"},\"inLanguage\":\"en-US\",\"potentialAction\":[{\"@type\":\"ReadAction\",\"target\":[\"https:\/\/www.deligan.de\/produkt\/heiss-mit-feige-senf-topping\/\"]}]},{\"@type\":\"ImageObject\",\"inLanguage\":\"en-US\",\"@id\":\"https:\/\/www.deligan.de\/produkt\/heiss-mit-feige-senf-topping\/#primaryimage\",\"url\":\"https:\/\/www.deligan.de\/wp-content\/uploads\/2026\/02\/Deligan_Heiss-Topping-Feige-Senf-26.jpg\",\"contentUrl\":\"https:\/\/www.deligan.de\/wp-content\/uploads\/2026\/02\/Deligan_Heiss-Topping-Feige-Senf-26.jpg\",\"width\":450,\"height\":485},{\"@type\":\"BreadcrumbList\",\"@id\":\"https:\/\/www.deligan.de\/produkt\/heiss-mit-feige-senf-topping\/#breadcrumb\",\"itemListElement\":[{\"@type\":\"ListItem\",\"position\":1,\"name\":\"Startseite\",\"item\":\"https:\/\/www.deligan.de\/en\/\"},{\"@type\":\"ListItem\",\"position\":2,\"name\":\"Produkte\",\"item\":\"https:\/\/www.deligan.de\/shop\/\"},{\"@type\":\"ListItem\",\"position\":3,\"name\":\"Heiss, mit Feige-Senf Topping\"}]},{\"@type\":\"WebSite\",\"@id\":\"https:\/\/www.deligan.de\/#website\",\"url\":\"https:\/\/www.deligan.de\/\",\"name\":\"Deligan\",\"description\":\"Plant based K\u00e4se-Alternativen\",\"potentialAction\":[{\"@type\":\"SearchAction\",\"target\":{\"@type\":\"EntryPoint\",\"urlTemplate\":\"https:\/\/www.deligan.de\/?s={search_term_string}\"},\"query-input\":{\"@type\":\"PropertyValueSpecification\",\"valueRequired\":true,\"valueName\":\"search_term_string\"}}],\"inLanguage\":\"en-US\"}]}<\/script>\n<!-- \/ Yoast SEO plugin. -->","yoast_head_json":{"title":"Heiss, mit Feige-Senf Topping - Deligan","robots":{"index":"index","follow":"follow","max-snippet":"max-snippet:-1","max-image-preview":"max-image-preview:large","max-video-preview":"max-video-preview:-1"},"canonical":"https:\/\/www.deligan.de\/produkt\/heiss-mit-feige-senf-topping\/","og_locale":"en_US","og_type":"article","og_title":"Heiss, mit Feige-Senf Topping - Deligan","og_description":"Genie\u00dfen Sie unseren veganen Ofenk\u00e4se, cremig schmelzend und vollmundig im Geschmack. Hergestellt aus ausgew\u00e4hlten pflanzlichen Zutaten, schmilzt er gleichm\u00e4\u00dfig und bildet eine goldene, aromatische Kruste. Ideal f\u00fcr warme Snacks, Brot, Ofenk\u00e4seplatten oder als Dip. Direkt aus dem Ofen serviert mit einem leckeren Topping aus Feige\/Senf oder Hot Caramel. Frei von tierischen Produkten. Duftende Noten von Mandel und mild-w\u00fcrzigen Akzenten sorgen f\u00fcr einen echten K\u00e4segenuss. Unser veganer Ofenk\u00e4se sorgt als warmes Highlight f\u00fcr Begeisterung.","og_url":"https:\/\/www.deligan.de\/produkt\/heiss-mit-feige-senf-topping\/","og_site_name":"Deligan","article_modified_time":"2026-02-10T14:16:34+00:00","og_image":[{"width":450,"height":485,"url":"https:\/\/www.deligan.de\/wp-content\/uploads\/2026\/02\/Deligan_Heiss-Topping-Feige-Senf-26.jpg","type":"image\/jpeg"}],"twitter_card":"summary_large_image","twitter_misc":{"Est. reading time":"1 minute"},"schema":{"@context":"https:\/\/schema.org","@graph":[{"@type":"WebPage","@id":"https:\/\/www.deligan.de\/produkt\/heiss-mit-feige-senf-topping\/","url":"https:\/\/www.deligan.de\/produkt\/heiss-mit-feige-senf-topping\/","name":"Heiss, mit Feige-Senf Topping - Deligan","isPartOf":{"@id":"https:\/\/www.deligan.de\/#website"},"primaryImageOfPage":{"@id":"https:\/\/www.deligan.de\/produkt\/heiss-mit-feige-senf-topping\/#primaryimage"},"image":{"@id":"https:\/\/www.deligan.de\/produkt\/heiss-mit-feige-senf-topping\/#primaryimage"},"thumbnailUrl":"https:\/\/www.deligan.de\/wp-content\/uploads\/2026\/02\/Deligan_Heiss-Topping-Feige-Senf-26.jpg","datePublished":"2025-09-30T19:32:24+00:00","dateModified":"2026-02-10T14:16:34+00:00","breadcrumb":{"@id":"https:\/\/www.deligan.de\/produkt\/heiss-mit-feige-senf-topping\/#breadcrumb"},"inLanguage":"en-US","potentialAction":[{"@type":"ReadAction","target":["https:\/\/www.deligan.de\/produkt\/heiss-mit-feige-senf-topping\/"]}]},{"@type":"ImageObject","inLanguage":"en-US","@id":"https:\/\/www.deligan.de\/produkt\/heiss-mit-feige-senf-topping\/#primaryimage","url":"https:\/\/www.deligan.de\/wp-content\/uploads\/2026\/02\/Deligan_Heiss-Topping-Feige-Senf-26.jpg","contentUrl":"https:\/\/www.deligan.de\/wp-content\/uploads\/2026\/02\/Deligan_Heiss-Topping-Feige-Senf-26.jpg","width":450,"height":485},{"@type":"BreadcrumbList","@id":"https:\/\/www.deligan.de\/produkt\/heiss-mit-feige-senf-topping\/#breadcrumb","itemListElement":[{"@type":"ListItem","position":1,"name":"Startseite","item":"https:\/\/www.deligan.de\/en\/"},{"@type":"ListItem","position":2,"name":"Produkte","item":"https:\/\/www.deligan.de\/shop\/"},{"@type":"ListItem","position":3,"name":"Heiss, mit Feige-Senf Topping"}]},{"@type":"WebSite","@id":"https:\/\/www.deligan.de\/#website","url":"https:\/\/www.deligan.de\/","name":"Deligan","description":"Plant based K\u00e4se-Alternativen","potentialAction":[{"@type":"SearchAction","target":{"@type":"EntryPoint","urlTemplate":"https:\/\/www.deligan.de\/?s={search_term_string}"},"query-input":{"@type":"PropertyValueSpecification","valueRequired":true,"valueName":"search_term_string"}}],"inLanguage":"en-US"}]}},"_links":{"self":[{"href":"https:\/\/www.deligan.de\/en\/wp-json\/wp\/v2\/product\/23675","targetHints":{"allow":["GET"]}}],"collection":[{"href":"https:\/\/www.deligan.de\/en\/wp-json\/wp\/v2\/product"}],"about":[{"href":"https:\/\/www.deligan.de\/en\/wp-json\/wp\/v2\/types\/product"}],"wp:featuredmedia":[{"embeddable":true,"href":"https:\/\/www.deligan.de\/en\/wp-json\/wp\/v2\/media\/23999"}],"wp:attachment":[{"href":"https:\/\/www.deligan.de\/en\/wp-json\/wp\/v2\/media?parent=23675"}],"wp:term":[{"taxonomy":"product_brand","embeddable":true,"href":"https:\/\/www.deligan.de\/en\/wp-json\/wp\/v2\/product_brand?post=23675"},{"taxonomy":"product_cat","embeddable":true,"href":"https:\/\/www.deligan.de\/en\/wp-json\/wp\/v2\/product_cat?post=23675"},{"taxonomy":"product_tag","embeddable":true,"href":"https:\/\/www.deligan.de\/en\/wp-json\/wp\/v2\/product_tag?post=23675"}],"curies":[{"name":"wp","href":"https:\/\/api.w.org\/{rel}","templated":true}]}}